{"id":348,"date":"2023-06-19T10:31:24","date_gmt":"2023-06-19T10:31:24","guid":{"rendered":"https:\/\/cobengroup.com\/academy\/producto\/principales-aspectos-legales-copy\/"},"modified":"2024-02-08T11:53:45","modified_gmt":"2024-02-08T11:53:45","slug":"gestion-de-la-cartera","status":"publish","type":"product","link":"https:\/\/cobengroup.com\/academy\/producto\/gestion-de-la-cartera\/","title":{"rendered":"M\u00f3dulo 5: Gesti\u00f3n de la cartera de participadas y convivencia con el equipo promotor"},"content":{"rendered":"<p>[et_pb_section fb_built=\u00bb1&#8243; _builder_version=\u00bb4.16&#8243; custom_padding=\u00bb0px||||false|false\u00bb global_colors_info=\u00bb{}\u00bb][et_pb_row _builder_version=\u00bb4.16&#8243; background_size=\u00bbinitial\u00bb background_position=\u00bbtop_left\u00bb background_repeat=\u00bbrepeat\u00bb width=\u00bb100%\u00bb custom_padding=\u00bb0px||0px||false|false\u00bb global_colors_info=\u00bb{}\u00bb][et_pb_column type=\u00bb4_4&#8243; _builder_version=\u00bb4.16&#8243; custom_padding=\u00bb|||\u00bb global_colors_info=\u00bb{}\u00bb custom_padding__hover=\u00bb|||\u00bb][et_pb_wc_breadcrumb _builder_version=\u00bb4.21.0&#8243; global_colors_info=\u00bb{}\u00bb][\/et_pb_wc_breadcrumb][et_pb_wc_cart_notice _builder_version=\u00bb4.21.0&#8243; global_colors_info=\u00bb{}\u00bb][\/et_pb_wc_cart_notice][\/et_pb_column][\/et_pb_row][et_pb_row column_structure=\u00bb1_2,1_2&#8243; _builder_version=\u00bb4.16&#8243; background_size=\u00bbinitial\u00bb background_position=\u00bbtop_left\u00bb background_repeat=\u00bbrepeat\u00bb width=\u00bb100%\u00bb custom_padding=\u00bb0px||||false|false\u00bb global_colors_info=\u00bb{}\u00bb][et_pb_column type=\u00bb1_2&#8243; _builder_version=\u00bb4.16&#8243; custom_padding=\u00bb|||\u00bb global_colors_info=\u00bb{}\u00bb custom_padding__hover=\u00bb|||\u00bb][et_pb_wc_images product=\u00bb237&#8243; show_product_gallery=\u00bboff\u00bb show_sale_badge=\u00bboff\u00bb _builder_version=\u00bb4.21.0&#8243; global_colors_info=\u00bb{}\u00bb][\/et_pb_wc_images][\/et_pb_column][et_pb_column type=\u00bb1_2&#8243; _builder_version=\u00bb4.16&#8243; custom_padding=\u00bb|||\u00bb global_colors_info=\u00bb{}\u00bb custom_padding__hover=\u00bb|||\u00bb][et_pb_wc_title _builder_version=\u00bb4.21.0&#8243; min_height=\u00bb21px\u00bb custom_padding=\u00bb||13px|||\u00bb global_colors_info=\u00bb{}\u00bb][\/et_pb_wc_title][et_pb_wc_price _builder_version=\u00bb4.16&#8243; global_colors_info=\u00bb{}\u00bb][\/et_pb_wc_price][et_pb_wc_description _builder_version=\u00bb4.21.0&#8243; global_colors_info=\u00bb{}\u00bb][\/et_pb_wc_description][et_pb_wc_add_to_cart _builder_version=\u00bb4.21.0&#8243; global_colors_info=\u00bb{}\u00bb][\/et_pb_wc_add_to_cart][\/et_pb_column][\/et_pb_row][et_pb_row _builder_version=\u00bb4.16&#8243; background_size=\u00bbinitial\u00bb background_position=\u00bbtop_left\u00bb background_repeat=\u00bbrepeat\u00bb width=\u00bb100%\u00bb global_colors_info=\u00bb{}\u00bb][et_pb_column type=\u00bb4_4&#8243; _builder_version=\u00bb4.16&#8243; custom_padding=\u00bb|||\u00bb global_colors_info=\u00bb{}\u00bb custom_padding__hover=\u00bb|||\u00bb][et_pb_wc_tabs _builder_version=\u00bb4.16&#8243; global_colors_info=\u00bb{}\u00bb] [\/et_pb_wc_tabs][et_pb_wc_upsells _builder_version=\u00bb4.16&#8243; global_colors_info=\u00bb{}\u00bb][\/et_pb_wc_upsells][et_pb_wc_related_products _builder_version=\u00bb4.16&#8243; global_colors_info=\u00bb{}\u00bb][\/et_pb_wc_related_products][\/et_pb_column][\/et_pb_row][\/et_pb_section]<\/p>\n","protected":false},"excerpt":{"rendered":"<p class=\"_04xlpA direction-ltr align-center para-style-body\">Curso sobre seguimiento de las inversiones: reporting, aportaci\u00f3n de valor a la startup, participaci\u00f3n en el consejo, c\u00f3mo calcular el valor de tu cartera, los Follow on (si o no, por qu\u00e9), etc.<\/p>\n<p class=\"_04xlpA direction-ltr align-center para-style-body\">\n","protected":false},"featured_media":342,"comment_status":"open","ping_status":"closed","template":"","meta":{"_et_pb_use_builder":"on","_et_pb_old_content":"La gesti\u00f3n de la cartera de participadas se refiere a la administraci\u00f3n y seguimiento de las empresas en las que un inversor ha invertido. Implica la supervisi\u00f3n de las startups o proyectos en los que se ha realizado una inversi\u00f3n para asegurarse de que est\u00e9n en camino de alcanzar sus objetivos, maximizar su valor y mitigar los riesgos asociados. Adem\u00e1s, la convivencia con el equipo promotor se refiere a la relaci\u00f3n y colaboraci\u00f3n entre los inversores y los fundadores o emprendedores de las empresas en las que han invertido.\r\n\r\nLa convivencia efectiva entre los inversores y el equipo promotor es esencial para el \u00e9xito a largo plazo de las empresas en las que se ha invertido. Al trabajar en conjunto de manera armoniosa, ambas partes pueden contribuir al crecimiento y desarrollo de la empresa y aprovechar al m\u00e1ximo el potencial de la inversi\u00f3n.","_et_gb_content_width":""},"product_cat":[25],"product_tag":[30,29,27,28,26],"class_list":{"0":"post-348","1":"product","2":"type-product","3":"status-publish","4":"has-post-thumbnail","6":"product_cat-curso","7":"product_tag-business-angel","8":"product_tag-dealflow","9":"product_tag-innovacion","10":"product_tag-inversion","11":"product_tag-startups","13":"first","14":"instock","15":"virtual","16":"purchasable","17":"product-type-simple"},"yoast_head":"<!-- This site is optimized with the Yoast SEO plugin v22.5 - https:\/\/yoast.com\/wordpress\/plugins\/seo\/ -->\n<title>Gesti\u00f3n de la cartera de participadas - Academy<\/title>\n<meta name=\"description\" content=\"Curso de seguimiento de las inversiones: reporting, aportaci\u00f3n de valor a la startup, participaci\u00f3n en el consejo, c\u00f3mo calcular el valor de tu cartera..\" \/>\n<meta name=\"robots\" content=\"index, follow, max-snippet:-1, max-image-preview:large, max-video-preview:-1\" \/>\n<link rel=\"canonical\" href=\"https:\/\/cobengroup.com\/academy\/producto\/gestion-de-la-cartera\/\" \/>\n<meta property=\"og:locale\" content=\"es_ES\" \/>\n<meta property=\"og:type\" content=\"article\" \/>\n<meta property=\"og:title\" content=\"Gesti\u00f3n de la cartera de participadas - Academy\" \/>\n<meta property=\"og:description\" content=\"Curso de seguimiento de las inversiones: reporting, aportaci\u00f3n de valor a la startup, participaci\u00f3n en el consejo, c\u00f3mo calcular el valor de tu cartera..\" \/>\n<meta property=\"og:url\" content=\"https:\/\/cobengroup.com\/academy\/producto\/gestion-de-la-cartera\/\" \/>\n<meta property=\"og:site_name\" content=\"Academy\" \/>\n<meta property=\"article:modified_time\" content=\"2024-02-08T11:53:45+00:00\" \/>\n<meta property=\"og:image\" content=\"https:\/\/cobengroup.com\/wp-content\/uploads\/2023\/07\/Gestion-de-la-cartera-de-participadas-y-convivencia-con-el-equipo-promotor.png\" \/>\n\t<meta property=\"og:image:width\" content=\"700\" \/>\n\t<meta property=\"og:image:height\" content=\"700\" \/>\n\t<meta property=\"og:image:type\" content=\"image\/png\" \/>\n<meta name=\"twitter:card\" content=\"summary_large_image\" \/>\n<meta name=\"twitter:label1\" content=\"Tiempo de lectura\" \/>\n\t<meta name=\"twitter:data1\" content=\"1 minuto\" \/>\n<script type=\"application\/ld+json\" class=\"yoast-schema-graph\">{\"@context\":\"https:\/\/schema.org\",\"@graph\":[{\"@type\":\"WebPage\",\"@id\":\"https:\/\/cobengroup.com\/academy\/producto\/gestion-de-la-cartera\/\",\"url\":\"https:\/\/cobengroup.com\/academy\/producto\/gestion-de-la-cartera\/\",\"name\":\"Gesti\u00f3n de la cartera de participadas - Academy\",\"isPartOf\":{\"@id\":\"https:\/\/cobengroup.com\/academy\/#website\"},\"primaryImageOfPage\":{\"@id\":\"https:\/\/cobengroup.com\/academy\/producto\/gestion-de-la-cartera\/#primaryimage\"},\"image\":{\"@id\":\"https:\/\/cobengroup.com\/academy\/producto\/gestion-de-la-cartera\/#primaryimage\"},\"thumbnailUrl\":\"https:\/\/cobengroup.com\/academy\/wp-content\/uploads\/2023\/07\/Gestion-de-la-cartera-de-participadas-y-convivencia-con-el-equipo-promotor.png\",\"datePublished\":\"2023-06-19T10:31:24+00:00\",\"dateModified\":\"2024-02-08T11:53:45+00:00\",\"description\":\"Curso de seguimiento de las inversiones: reporting, aportaci\u00f3n de valor a la startup, participaci\u00f3n en el consejo, c\u00f3mo calcular el valor de tu cartera..\",\"breadcrumb\":{\"@id\":\"https:\/\/cobengroup.com\/academy\/producto\/gestion-de-la-cartera\/#breadcrumb\"},\"inLanguage\":\"es\",\"potentialAction\":[{\"@type\":\"ReadAction\",\"target\":[\"https:\/\/cobengroup.com\/academy\/producto\/gestion-de-la-cartera\/\"]}]},{\"@type\":\"ImageObject\",\"inLanguage\":\"es\",\"@id\":\"https:\/\/cobengroup.com\/academy\/producto\/gestion-de-la-cartera\/#primaryimage\",\"url\":\"https:\/\/cobengroup.com\/academy\/wp-content\/uploads\/2023\/07\/Gestion-de-la-cartera-de-participadas-y-convivencia-con-el-equipo-promotor.png\",\"contentUrl\":\"https:\/\/cobengroup.com\/academy\/wp-content\/uploads\/2023\/07\/Gestion-de-la-cartera-de-participadas-y-convivencia-con-el-equipo-promotor.png\",\"width\":700,\"height\":700,\"caption\":\"Gesti\u00f3n de la cartera de participadas y convivencia con el equipo promotor\"},{\"@type\":\"BreadcrumbList\",\"@id\":\"https:\/\/cobengroup.com\/academy\/producto\/gestion-de-la-cartera\/#breadcrumb\",\"itemListElement\":[{\"@type\":\"ListItem\",\"position\":1,\"name\":\"Portada\",\"item\":\"https:\/\/cobengroup.com\/academy\/\"},{\"@type\":\"ListItem\",\"position\":2,\"name\":\"Academy\",\"item\":\"https:\/\/cobengroup.com\/academy\/\"},{\"@type\":\"ListItem\",\"position\":3,\"name\":\"M\u00f3dulo 5: Gesti\u00f3n de la cartera de participadas y convivencia con el equipo promotor\"}]},{\"@type\":\"WebSite\",\"@id\":\"https:\/\/cobengroup.com\/academy\/#website\",\"url\":\"https:\/\/cobengroup.com\/academy\/\",\"name\":\"Academy\",\"description\":\"Para Inversores &amp; Business Angels\",\"publisher\":{\"@id\":\"https:\/\/cobengroup.com\/academy\/#organization\"},\"potentialAction\":[{\"@type\":\"SearchAction\",\"target\":{\"@type\":\"EntryPoint\",\"urlTemplate\":\"https:\/\/cobengroup.com\/academy\/?s={search_term_string}\"},\"query-input\":\"required name=search_term_string\"}],\"inLanguage\":\"es\"},{\"@type\":\"Organization\",\"@id\":\"https:\/\/cobengroup.com\/academy\/#organization\",\"name\":\"Academy\",\"url\":\"https:\/\/cobengroup.com\/academy\/\",\"logo\":{\"@type\":\"ImageObject\",\"inLanguage\":\"es\",\"@id\":\"https:\/\/cobengroup.com\/academy\/#\/schema\/logo\/image\/\",\"url\":\"https:\/\/cobengroup.com\/academy\/wp-content\/uploads\/2023\/06\/LOGO-COBEN.png\",\"contentUrl\":\"https:\/\/cobengroup.com\/academy\/wp-content\/uploads\/2023\/06\/LOGO-COBEN.png\",\"width\":472,\"height\":108,\"caption\":\"Academy\"},\"image\":{\"@id\":\"https:\/\/cobengroup.com\/academy\/#\/schema\/logo\/image\/\"},\"sameAs\":[\"https:\/\/www.linkedin.com\/company\/coben-club\/\"]}]}<\/script>\n<!-- \/ Yoast SEO plugin. -->","yoast_head_json":{"title":"Gesti\u00f3n de la cartera de participadas - Academy","description":"Curso de seguimiento de las inversiones: reporting, aportaci\u00f3n de valor a la startup, participaci\u00f3n en el consejo, c\u00f3mo calcular el valor de tu cartera..","robots":{"index":"index","follow":"follow","max-snippet":"max-snippet:-1","max-image-preview":"max-image-preview:large","max-video-preview":"max-video-preview:-1"},"canonical":"https:\/\/cobengroup.com\/academy\/producto\/gestion-de-la-cartera\/","og_locale":"es_ES","og_type":"article","og_title":"Gesti\u00f3n de la cartera de participadas - Academy","og_description":"Curso de seguimiento de las inversiones: reporting, aportaci\u00f3n de valor a la startup, participaci\u00f3n en el consejo, c\u00f3mo calcular el valor de tu cartera..","og_url":"https:\/\/cobengroup.com\/academy\/producto\/gestion-de-la-cartera\/","og_site_name":"Academy","article_modified_time":"2024-02-08T11:53:45+00:00","og_image":[{"width":700,"height":700,"url":"https:\/\/cobengroup.com\/wp-content\/uploads\/2023\/07\/Gestion-de-la-cartera-de-participadas-y-convivencia-con-el-equipo-promotor.png","type":"image\/png"}],"twitter_card":"summary_large_image","twitter_misc":{"Tiempo de lectura":"1 minuto"},"schema":{"@context":"https:\/\/schema.org","@graph":[{"@type":"WebPage","@id":"https:\/\/cobengroup.com\/academy\/producto\/gestion-de-la-cartera\/","url":"https:\/\/cobengroup.com\/academy\/producto\/gestion-de-la-cartera\/","name":"Gesti\u00f3n de la cartera de participadas - Academy","isPartOf":{"@id":"https:\/\/cobengroup.com\/academy\/#website"},"primaryImageOfPage":{"@id":"https:\/\/cobengroup.com\/academy\/producto\/gestion-de-la-cartera\/#primaryimage"},"image":{"@id":"https:\/\/cobengroup.com\/academy\/producto\/gestion-de-la-cartera\/#primaryimage"},"thumbnailUrl":"https:\/\/cobengroup.com\/academy\/wp-content\/uploads\/2023\/07\/Gestion-de-la-cartera-de-participadas-y-convivencia-con-el-equipo-promotor.png","datePublished":"2023-06-19T10:31:24+00:00","dateModified":"2024-02-08T11:53:45+00:00","description":"Curso de seguimiento de las inversiones: reporting, aportaci\u00f3n de valor a la startup, participaci\u00f3n en el consejo, c\u00f3mo calcular el valor de tu cartera..","breadcrumb":{"@id":"https:\/\/cobengroup.com\/academy\/producto\/gestion-de-la-cartera\/#breadcrumb"},"inLanguage":"es","potentialAction":[{"@type":"ReadAction","target":["https:\/\/cobengroup.com\/academy\/producto\/gestion-de-la-cartera\/"]}]},{"@type":"ImageObject","inLanguage":"es","@id":"https:\/\/cobengroup.com\/academy\/producto\/gestion-de-la-cartera\/#primaryimage","url":"https:\/\/cobengroup.com\/academy\/wp-content\/uploads\/2023\/07\/Gestion-de-la-cartera-de-participadas-y-convivencia-con-el-equipo-promotor.png","contentUrl":"https:\/\/cobengroup.com\/academy\/wp-content\/uploads\/2023\/07\/Gestion-de-la-cartera-de-participadas-y-convivencia-con-el-equipo-promotor.png","width":700,"height":700,"caption":"Gesti\u00f3n de la cartera de participadas y convivencia con el equipo promotor"},{"@type":"BreadcrumbList","@id":"https:\/\/cobengroup.com\/academy\/producto\/gestion-de-la-cartera\/#breadcrumb","itemListElement":[{"@type":"ListItem","position":1,"name":"Portada","item":"https:\/\/cobengroup.com\/academy\/"},{"@type":"ListItem","position":2,"name":"Academy","item":"https:\/\/cobengroup.com\/academy\/"},{"@type":"ListItem","position":3,"name":"M\u00f3dulo 5: Gesti\u00f3n de la cartera de participadas y convivencia con el equipo promotor"}]},{"@type":"WebSite","@id":"https:\/\/cobengroup.com\/academy\/#website","url":"https:\/\/cobengroup.com\/academy\/","name":"Academy","description":"Para Inversores &amp; Business Angels","publisher":{"@id":"https:\/\/cobengroup.com\/academy\/#organization"},"potentialAction":[{"@type":"SearchAction","target":{"@type":"EntryPoint","urlTemplate":"https:\/\/cobengroup.com\/academy\/?s={search_term_string}"},"query-input":"required name=search_term_string"}],"inLanguage":"es"},{"@type":"Organization","@id":"https:\/\/cobengroup.com\/academy\/#organization","name":"Academy","url":"https:\/\/cobengroup.com\/academy\/","logo":{"@type":"ImageObject","inLanguage":"es","@id":"https:\/\/cobengroup.com\/academy\/#\/schema\/logo\/image\/","url":"https:\/\/cobengroup.com\/academy\/wp-content\/uploads\/2023\/06\/LOGO-COBEN.png","contentUrl":"https:\/\/cobengroup.com\/academy\/wp-content\/uploads\/2023\/06\/LOGO-COBEN.png","width":472,"height":108,"caption":"Academy"},"image":{"@id":"https:\/\/cobengroup.com\/academy\/#\/schema\/logo\/image\/"},"sameAs":["https:\/\/www.linkedin.com\/company\/coben-club\/"]}]}},"jetpack_sharing_enabled":true,"_links":{"self":[{"href":"https:\/\/cobengroup.com\/academy\/wp-json\/wp\/v2\/product\/348","targetHints":{"allow":["GET"]}}],"collection":[{"href":"https:\/\/cobengroup.com\/academy\/wp-json\/wp\/v2\/product"}],"about":[{"href":"https:\/\/cobengroup.com\/academy\/wp-json\/wp\/v2\/types\/product"}],"replies":[{"embeddable":true,"href":"https:\/\/cobengroup.com\/academy\/wp-json\/wp\/v2\/comments?post=348"}],"wp:featuredmedia":[{"embeddable":true,"href":"https:\/\/cobengroup.com\/academy\/wp-json\/wp\/v2\/media\/342"}],"wp:attachment":[{"href":"https:\/\/cobengroup.com\/academy\/wp-json\/wp\/v2\/media?parent=348"}],"wp:term":[{"taxonomy":"product_cat","embeddable":true,"href":"https:\/\/cobengroup.com\/academy\/wp-json\/wp\/v2\/product_cat?post=348"},{"taxonomy":"product_tag","embeddable":true,"href":"https:\/\/cobengroup.com\/academy\/wp-json\/wp\/v2\/product_tag?post=348"}],"curies":[{"name":"wp","href":"https:\/\/api.w.org\/{rel}","templated":true}]}}