{"id":987509968,"date":"2023-08-02T17:47:43","date_gmt":"2023-08-02T17:47:43","guid":{"rendered":"https:\/\/cobengroup.com\/academy\/declaracion-de-accesibilidad-copy\/"},"modified":"2023-08-02T17:53:27","modified_gmt":"2023-08-02T17:53:27","slug":"aviso-legal","status":"publish","type":"page","link":"https:\/\/cobengroup.com\/academy\/aviso-legal\/","title":{"rendered":"Aviso Legal"},"content":{"rendered":"<p>[et_pb_section fb_built=\u00bb1&#8243; _builder_version=\u00bb4.21.0&#8243; _module_preset=\u00bbdefault\u00bb global_colors_info=\u00bb{}\u00bb][et_pb_row _builder_version=\u00bb4.21.0&#8243; _module_preset=\u00bbdefault\u00bb global_colors_info=\u00bb{}\u00bb][et_pb_column type=\u00bb4_4&#8243; _builder_version=\u00bb4.21.0&#8243; _module_preset=\u00bbdefault\u00bb global_colors_info=\u00bb{}\u00bb][et_pb_text _builder_version=\u00bb4.21.0&#8243; _module_preset=\u00bbdefault\u00bb global_colors_info=\u00bb{}\u00bb]<\/p>\n<div class=\"et_pb_module et_pb_text et_pb_text_0  et_pb_text_align_left et_pb_bg_layout_light\">\n<h1><b>AVISO LEGAL<\/b><span style=\"font-weight: 400;\"><\/span><span style=\"font-weight: 400;\"><\/span><\/h1>\n<p><span style=\"font-weight: 400;\">Est\u00e1s en un espacio comprometido con los derechos de sus usuarios y por raz\u00f3n, tendr\u00e1s m\u00e1xima transparencia y rigor sobre todo que necesitas saber sobre esta web.<\/span><\/p>\n<p><span style=\"font-weight: 400;\">Esta web cumple rigurosamente con la Ley Org\u00e1nica 3\/2018, de 5 de diciembre, de Protecci\u00f3n de Datos Personales y garant\u00eda de los derechos digitales (LOPDGDD). Cumple tambi\u00e9n con el Reglamento (UE) 2016\/679 del Parlamento Europeo y del Consejo de 27 de abril de 2016 relativo a la protecci\u00f3n de las personas f\u00edsicas (RGPD), as\u00ed como con la Ley 34\/2002, de 11 de julio, de Servicios de la Sociedad de la Informaci\u00f3n y Comercio Electr\u00f3nico (LSSICE o LSSI).<\/span><\/p>\n<h1 class=\"et_pb_text_inner\"><\/h1>\n<p><span style=\"font-weight: 400;\">Los servicios y\/o productos est\u00e1n disponibles s\u00f3lo para las personas jur\u00eddicas y las personas que tengan 16 a\u00f1os.<\/span><\/p>\n<p>&nbsp;<\/p>\n<p>&nbsp;<\/p>\n<h2><b>Identificador del responsable de la web<\/b><\/h2>\n<h1 class=\"et_pb_text_inner\"><\/h1>\n<p><b>Denominaci\u00f3n social<\/b><span style=\"font-weight: 400;\">:<\/span> <i><span style=\"font-weight: 400;\">Coben Business Group S.L<\/span><\/i> <span style=\"font-weight: 400;\">\u00a0<\/span><\/p>\n<h1 class=\"et_pb_text_inner\"><\/h1>\n<p><b>\u00a0CIF\/NIF<\/b><span style=\"font-weight: 400;\">:<\/span> <i><span style=\"font-weight: 400;\">B02875094<\/span><\/i><\/p>\n<h1 class=\"et_pb_text_inner\"><\/h1>\n<p><b>Correo electr\u00f3nico<\/b><span style=\"font-weight: 400;\">:<\/span> <i><span style=\"font-weight: 400;\">info@cobengroup.com\/academy<\/span><\/i><\/p>\n<h1 class=\"et_pb_text_inner\"><\/h1>\n<p><b>Domicilio social<\/b><span style=\"font-weight: 400;\">:<\/span> <i><span style=\"font-weight: 400;\">M\u00e1ximo Aguirre 21, 1\u00ba izquierda Bilbao, 48011 Bizkaia (Espa\u00f1a)<\/span><\/i><\/p>\n<h1 class=\"et_pb_text_inner\"><\/h1>\n<p><b>Su actividad social es:<\/b> <i><span style=\"font-weight: 400;\">Consultor\u00eda\u00a0<\/span><\/i><\/p>\n<h1 class=\"et_pb_text_inner\"><\/h1>\n<p><b>N\u00ba. de registro mercantil:<\/b> <i><span style=\"font-weight: 400;\">Inscrita en el Registro Mercantil de Bizkaia con n\u00famero de protocolo 2861, hoja BI-76001, al tomo 5968 , folio 39<\/span><\/i><\/p>\n<h2><b><\/b><\/h2>\n<h2><b><\/b><\/h2>\n<h2><b><\/b><\/h2>\n<h2><b>Compromisos y obligaciones de los usuarios\u00a0<\/b><\/h2>\n<p><span style=\"font-weight: 400;\">El usuario queda informado, y acepta, que el acceso a la presente web no supone, en modo alguno, el inicio de una relaci\u00f3n comercial con <\/span><span style=\"font-weight: 400;\">Coben Business Group S.L<\/span><span style=\"font-weight: 400;\"> De esta forma, el usuario se compromete a utilizar el sitio web, sus servicios y contenidos sin contravenir la legislaci\u00f3n vigente, la buena fe y el orden p\u00fablico.<\/span><\/p>\n<p><span style=\"font-weight: 400;\">Queda prohibido el uso de la web, con fines il\u00edcitos o lesivos, o que, de cualquier forma, puedan causar perjuicio o impedir el normal funcionamiento del sitio web. Respecto de los contenidos de esta web, se proh\u00edbe:<\/span><\/p>\n<ul>\n<li style=\"font-weight: 400;\" aria-level=\"1\"><span style=\"font-weight: 400;\">Su reproducci\u00f3n, distribuci\u00f3n o modificaci\u00f3n, total o parcial, a menos que se cuente con mi autorizaci\u00f3n como leg\u00edtimo titular.<\/span><\/li>\n<li style=\"font-weight: 400;\" aria-level=\"1\"><span style=\"font-weight: 400;\">Cualquier vulneraci\u00f3n de los derechos del prestador o de mi como leg\u00edtimo titular.<\/span><\/li>\n<li style=\"font-weight: 400;\" aria-level=\"1\"><span style=\"font-weight: 400;\">Su utilizaci\u00f3n para fines comerciales o publicitarios.<\/span><\/li>\n<\/ul>\n<p><span style=\"font-weight: 400;\">En la utilizaci\u00f3n de la web <\/span><span style=\"font-weight: 400;\">www.cobengroup.com\/academy<\/span><span style=\"font-weight: 400;\"> el usuario se compromete a no llevar a cabo ninguna conducta que pudiera da\u00f1ar la imagen, los intereses y los derechos de <\/span><span style=\"font-weight: 400;\">Coben Group<\/span><span style=\"font-weight: 400;\"> o de terceros o que pudiera da\u00f1ar, inutilizar o sobrecargar el portal <\/span><span style=\"font-weight: 400;\">\u00a0www.cobengroup.com\/academy <\/span><span style=\"font-weight: 400;\">\u00a0o que impidiera, de cualquier forma, la normal utilizaci\u00f3n de la web.<\/span><\/p>\n<p><span style=\"font-weight: 400;\">No obstante, el usuario debe ser consciente de que las medidas de seguridad de los sistemas inform\u00e1ticos en Internet no son enteramente fiables y que, por tanto <\/span><span style=\"font-weight: 400;\">\u00a0www.cobengroup.com\/academy <\/span><span style=\"font-weight: 400;\">\u00a0no puede garantizar la inexistencia de malware u otros elementos que puedan producir alteraciones en los sistemas inform\u00e1ticos (software y hardware) del usuario o en sus documentos electr\u00f3nicos y ficheros contenidos en los mismos aunque pongo todos los medios necesarios y las medidas de seguridad oportunas para evitar la presencia de estos elementos da\u00f1inos.<\/span><\/p>\n<p><span style=\"font-weight: 400;\"><\/span><\/p>\n<p><span style=\"font-weight: 400;\"><\/span><\/p>\n<h2><b><\/b><\/h2>\n<h2><b><\/b><\/h2>\n<h2><b><\/b><\/h2>\n<h2><b>Medidas de seguridad\u00a0<\/b><\/h2>\n<p><span style=\"font-weight: 400;\">Los datos personales comunicados por el usuario a <\/span><span style=\"font-weight: 400;\">{Coben Group}<\/span><span style=\"font-weight: 400;\"> pueden ser almacenados en bases de datos automatizadas o no, cuya titularidad corresponde en exclusiva a <\/span><span style=\"font-weight: 400;\">{Coben Business Group S.L},<\/span><span style=\"font-weight: 400;\"> asumiendo \u00e9sta todas las medidas de \u00edndole t\u00e9cnica, organizativa y de seguridad que garantizan la confidencialidad, integridad y calidad de la informaci\u00f3n contenida en las mismas de acuerdo con lo establecido en la normativa vigente en protecci\u00f3n de datos.\u00a0<\/span><\/p>\n<p><span style=\"font-weight: 400;\">La comunicaci\u00f3n entre los usuarios y <\/span><span style=\"font-weight: 400;\">{www.cobengroup.com\/academy}<\/span><span style=\"font-weight: 400;\"> utiliza un canal seguro, y los\u00a0 datos transmitidos son cifrados gracias a protocolos a https, por tanto, garantizo las mejores\u00a0 condiciones de seguridad para que la confidencialidad de los usuarios est\u00e9 garantizada.<\/span><\/p>\n<h2><b><\/b><\/h2>\n<h2><b><\/b><\/h2>\n<h2><b><\/b><\/h2>\n<h2><b><\/b><\/h2>\n<h2><b>Plataforma de resoluci\u00f3n de conflictos<\/b><\/h2>\n<p><span style=\"font-weight: 400;\">Pongo tambi\u00e9n a disposici\u00f3n de los usuarios la plataforma de resoluci\u00f3n de litigios que facilita la Comisi\u00f3n Europea y que se encuentra disponible en el siguiente enlace:<\/span><a href=\"about:blank\"> <\/a><i><span style=\"font-weight: 400;\"><a href=\"http:\/\/ec.europa.eu\/consumers\/odr\/\">http:\/\/ec.europa.eu\/consumers\/odr\/<\/a><a href=\"about:blank\"><\/a><\/span><\/i><\/p>\n<p><i><span style=\"font-weight: 400;\"><\/span><\/i><\/p>\n<p><i><span style=\"font-weight: 400;\"><\/span><\/i><\/p>\n<p><i><span style=\"font-weight: 400;\"><\/span><\/i><\/p>\n<h2><b><\/b><\/h2>\n<h2><b><\/b><\/h2>\n<h2><b><\/b><\/h2>\n<h2><b><\/b><\/h2>\n<h2><b>Exclusi\u00f3n de garant\u00edas y responsable<\/b><\/h2>\n<p><span style=\"font-weight: 400;\">Coben Group<\/span><span style=\"font-weight: 400;\">\u00a0no otorga ninguna garant\u00eda ni se hace responsable, en ning\u00fan caso, de los da\u00f1os y perjuicios de cualquier naturaleza que pudieran traer causa de:<\/span><\/p>\n<ul>\n<li style=\"font-weight: 400;\" aria-level=\"1\"><span style=\"font-weight: 400;\">La falta de disponibilidad, mantenimiento y efectivo funcionamiento de la web, o de sus servicios y contenidos.<\/span><\/li>\n<li style=\"font-weight: 400;\" aria-level=\"1\"><span style=\"font-weight: 400;\">La existencia de malware, programas maliciosos o lesivos en los contenidos.<\/span><\/li>\n<li style=\"font-weight: 400;\" aria-level=\"1\"><span style=\"font-weight: 400;\">El uso il\u00edcito, negligente, fraudulento o contrario a este Aviso Legal.<\/span><\/li>\n<li style=\"font-weight: 400;\" aria-level=\"1\"><span style=\"font-weight: 400;\">La falta de licitud, calidad, fiabilidad, utilidad y disponibilidad de los servicios prestados por terceros y puestos a disposici\u00f3n de los usuarios en el sitio web.<\/span><\/li>\n<li style=\"font-weight: 400;\" aria-level=\"1\"><span style=\"font-weight: 400;\">El prestador no se hace responsable bajo ning\u00fan concepto de los da\u00f1os que pudieran dimanar del uso ilegal o indebido de la presente p\u00e1gina web.<\/span><\/li>\n<\/ul>\n<p><b><\/b><\/p>\n<p><b><\/b><\/p>\n<h2><b><\/b><\/h2>\n<h2><b><\/b><\/h2>\n<h2><b>Ley aplicable y jurisdicci\u00f3n\u00a0<\/b><\/h2>\n<p><span style=\"font-weight: 400;\">Con car\u00e1cter general las relaciones entre <\/span><span style=\"font-weight: 400;\">Coben Group<\/span><span style=\"font-weight: 400;\"> con los usuarios de sus servicios telem\u00e1ticos, presentes en esta web se encuentran sometidas a la legislaci\u00f3n y jurisdicci\u00f3n espa\u00f1olas y a los tribunales de <\/span><span style=\"font-weight: 400;\">Bilbao, Bizkaia.<\/span><\/p>\n<p><span style=\"font-weight: 400;\">\u00a0En caso de que cualquier usuario tuviese alguna duda acerca de estas Condiciones legales o cualquier comentario sobre el portal <\/span><span style=\"font-weight: 400;\">www.cobengroup.com\/academy ,<\/span><span style=\"font-weight: 400;\"> por favor dir\u00edjase a <\/span><span style=\"font-weight: 400;\">info@cobengroup.com\/academy.<\/span><\/p>\n<p><span style=\"font-weight: 400;\"><\/span><\/p>\n<p><span style=\"font-weight: 400;\"><\/span><\/p>\n<p><span style=\"font-weight: 400;\">\u00a0El aviso legal\u00a0 ha sido actualizado por \u00faltima vez el <\/span><span style=\"font-weight: 400;\">29\/07\/2023.<\/span><\/p>\n<p>&nbsp;<\/p>\n<\/div>\n<p>[\/et_pb_text][\/et_pb_column][\/et_pb_row][\/et_pb_section]<\/p>\n","protected":false},"excerpt":{"rendered":"<p>AVISO LEGAL Est\u00e1s en un espacio comprometido con los derechos de sus usuarios y por raz\u00f3n, tendr\u00e1s m\u00e1xima transparencia y rigor sobre todo que necesitas saber sobre esta web. Esta web cumple rigurosamente con la Ley Org\u00e1nica 3\/2018, de 5 de diciembre, de Protecci\u00f3n de Datos Personales y garant\u00eda de los derechos digitales (LOPDGDD). Cumple [&hellip;]<\/p>\n","protected":false},"author":1,"featured_media":0,"parent":0,"menu_order":0,"comment_status":"closed","ping_status":"closed","template":"","meta":{"_et_pb_use_builder":"on","_et_pb_old_content":"","_et_gb_content_width":"","footnotes":""},"class_list":["post-987509968","page","type-page","status-publish","hentry"],"yoast_head":"<!-- This site is optimized with the Yoast SEO plugin v22.5 - https:\/\/yoast.com\/wordpress\/plugins\/seo\/ -->\n<title>Aviso Legal - Academy<\/title>\n<meta name=\"robots\" content=\"index, follow, max-snippet:-1, max-image-preview:large, max-video-preview:-1\" \/>\n<link rel=\"canonical\" href=\"https:\/\/cobengroup.com\/academy\/aviso-legal\/\" \/>\n<meta property=\"og:locale\" content=\"es_ES\" \/>\n<meta property=\"og:type\" content=\"article\" \/>\n<meta property=\"og:title\" content=\"Aviso Legal - Academy\" \/>\n<meta property=\"og:description\" content=\"AVISO LEGAL Est\u00e1s en un espacio comprometido con los derechos de sus usuarios y por raz\u00f3n, tendr\u00e1s m\u00e1xima transparencia y rigor sobre todo que necesitas saber sobre esta web. Esta web cumple rigurosamente con la Ley Org\u00e1nica 3\/2018, de 5 de diciembre, de Protecci\u00f3n de Datos Personales y garant\u00eda de los derechos digitales (LOPDGDD). Cumple [&hellip;]\" \/>\n<meta property=\"og:url\" content=\"https:\/\/cobengroup.com\/academy\/aviso-legal\/\" \/>\n<meta property=\"og:site_name\" content=\"Academy\" \/>\n<meta property=\"article:modified_time\" content=\"2023-08-02T17:53:27+00:00\" \/>\n<meta name=\"twitter:card\" content=\"summary_large_image\" \/>\n<meta name=\"twitter:label1\" content=\"Tiempo de lectura\" \/>\n\t<meta name=\"twitter:data1\" content=\"4 minutos\" \/>\n<script type=\"application\/ld+json\" class=\"yoast-schema-graph\">{\"@context\":\"https:\/\/schema.org\",\"@graph\":[{\"@type\":\"WebPage\",\"@id\":\"https:\/\/cobengroup.com\/academy\/aviso-legal\/\",\"url\":\"https:\/\/cobengroup.com\/academy\/aviso-legal\/\",\"name\":\"Aviso Legal - Academy\",\"isPartOf\":{\"@id\":\"https:\/\/cobengroup.com\/academy\/#website\"},\"datePublished\":\"2023-08-02T17:47:43+00:00\",\"dateModified\":\"2023-08-02T17:53:27+00:00\",\"breadcrumb\":{\"@id\":\"https:\/\/cobengroup.com\/academy\/aviso-legal\/#breadcrumb\"},\"inLanguage\":\"es\",\"potentialAction\":[{\"@type\":\"ReadAction\",\"target\":[\"https:\/\/cobengroup.com\/academy\/aviso-legal\/\"]}]},{\"@type\":\"BreadcrumbList\",\"@id\":\"https:\/\/cobengroup.com\/academy\/aviso-legal\/#breadcrumb\",\"itemListElement\":[{\"@type\":\"ListItem\",\"position\":1,\"name\":\"Portada\",\"item\":\"https:\/\/cobengroup.com\/academy\/\"},{\"@type\":\"ListItem\",\"position\":2,\"name\":\"Aviso Legal\"}]},{\"@type\":\"WebSite\",\"@id\":\"https:\/\/cobengroup.com\/academy\/#website\",\"url\":\"https:\/\/cobengroup.com\/academy\/\",\"name\":\"Academy\",\"description\":\"Para Inversores &amp; Business Angels\",\"publisher\":{\"@id\":\"https:\/\/cobengroup.com\/academy\/#organization\"},\"potentialAction\":[{\"@type\":\"SearchAction\",\"target\":{\"@type\":\"EntryPoint\",\"urlTemplate\":\"https:\/\/cobengroup.com\/academy\/?s={search_term_string}\"},\"query-input\":\"required name=search_term_string\"}],\"inLanguage\":\"es\"},{\"@type\":\"Organization\",\"@id\":\"https:\/\/cobengroup.com\/academy\/#organization\",\"name\":\"Academy\",\"url\":\"https:\/\/cobengroup.com\/academy\/\",\"logo\":{\"@type\":\"ImageObject\",\"inLanguage\":\"es\",\"@id\":\"https:\/\/cobengroup.com\/academy\/#\/schema\/logo\/image\/\",\"url\":\"https:\/\/cobengroup.com\/academy\/wp-content\/uploads\/2023\/06\/LOGO-COBEN.png\",\"contentUrl\":\"https:\/\/cobengroup.com\/academy\/wp-content\/uploads\/2023\/06\/LOGO-COBEN.png\",\"width\":472,\"height\":108,\"caption\":\"Academy\"},\"image\":{\"@id\":\"https:\/\/cobengroup.com\/academy\/#\/schema\/logo\/image\/\"},\"sameAs\":[\"https:\/\/www.linkedin.com\/company\/coben-club\/\"]}]}<\/script>\n<!-- \/ Yoast SEO plugin. -->","yoast_head_json":{"title":"Aviso Legal - Academy","robots":{"index":"index","follow":"follow","max-snippet":"max-snippet:-1","max-image-preview":"max-image-preview:large","max-video-preview":"max-video-preview:-1"},"canonical":"https:\/\/cobengroup.com\/academy\/aviso-legal\/","og_locale":"es_ES","og_type":"article","og_title":"Aviso Legal - Academy","og_description":"AVISO LEGAL Est\u00e1s en un espacio comprometido con los derechos de sus usuarios y por raz\u00f3n, tendr\u00e1s m\u00e1xima transparencia y rigor sobre todo que necesitas saber sobre esta web. Esta web cumple rigurosamente con la Ley Org\u00e1nica 3\/2018, de 5 de diciembre, de Protecci\u00f3n de Datos Personales y garant\u00eda de los derechos digitales (LOPDGDD). Cumple [&hellip;]","og_url":"https:\/\/cobengroup.com\/academy\/aviso-legal\/","og_site_name":"Academy","article_modified_time":"2023-08-02T17:53:27+00:00","twitter_card":"summary_large_image","twitter_misc":{"Tiempo de lectura":"4 minutos"},"schema":{"@context":"https:\/\/schema.org","@graph":[{"@type":"WebPage","@id":"https:\/\/cobengroup.com\/academy\/aviso-legal\/","url":"https:\/\/cobengroup.com\/academy\/aviso-legal\/","name":"Aviso Legal - Academy","isPartOf":{"@id":"https:\/\/cobengroup.com\/academy\/#website"},"datePublished":"2023-08-02T17:47:43+00:00","dateModified":"2023-08-02T17:53:27+00:00","breadcrumb":{"@id":"https:\/\/cobengroup.com\/academy\/aviso-legal\/#breadcrumb"},"inLanguage":"es","potentialAction":[{"@type":"ReadAction","target":["https:\/\/cobengroup.com\/academy\/aviso-legal\/"]}]},{"@type":"BreadcrumbList","@id":"https:\/\/cobengroup.com\/academy\/aviso-legal\/#breadcrumb","itemListElement":[{"@type":"ListItem","position":1,"name":"Portada","item":"https:\/\/cobengroup.com\/academy\/"},{"@type":"ListItem","position":2,"name":"Aviso Legal"}]},{"@type":"WebSite","@id":"https:\/\/cobengroup.com\/academy\/#website","url":"https:\/\/cobengroup.com\/academy\/","name":"Academy","description":"Para Inversores &amp; Business Angels","publisher":{"@id":"https:\/\/cobengroup.com\/academy\/#organization"},"potentialAction":[{"@type":"SearchAction","target":{"@type":"EntryPoint","urlTemplate":"https:\/\/cobengroup.com\/academy\/?s={search_term_string}"},"query-input":"required name=search_term_string"}],"inLanguage":"es"},{"@type":"Organization","@id":"https:\/\/cobengroup.com\/academy\/#organization","name":"Academy","url":"https:\/\/cobengroup.com\/academy\/","logo":{"@type":"ImageObject","inLanguage":"es","@id":"https:\/\/cobengroup.com\/academy\/#\/schema\/logo\/image\/","url":"https:\/\/cobengroup.com\/academy\/wp-content\/uploads\/2023\/06\/LOGO-COBEN.png","contentUrl":"https:\/\/cobengroup.com\/academy\/wp-content\/uploads\/2023\/06\/LOGO-COBEN.png","width":472,"height":108,"caption":"Academy"},"image":{"@id":"https:\/\/cobengroup.com\/academy\/#\/schema\/logo\/image\/"},"sameAs":["https:\/\/www.linkedin.com\/company\/coben-club\/"]}]}},"jetpack_sharing_enabled":true,"_links":{"self":[{"href":"https:\/\/cobengroup.com\/academy\/wp-json\/wp\/v2\/pages\/987509968","targetHints":{"allow":["GET"]}}],"collection":[{"href":"https:\/\/cobengroup.com\/academy\/wp-json\/wp\/v2\/pages"}],"about":[{"href":"https:\/\/cobengroup.com\/academy\/wp-json\/wp\/v2\/types\/page"}],"author":[{"embeddable":true,"href":"https:\/\/cobengroup.com\/academy\/wp-json\/wp\/v2\/users\/1"}],"replies":[{"embeddable":true,"href":"https:\/\/cobengroup.com\/academy\/wp-json\/wp\/v2\/comments?post=987509968"}],"version-history":[{"count":3,"href":"https:\/\/cobengroup.com\/academy\/wp-json\/wp\/v2\/pages\/987509968\/revisions"}],"predecessor-version":[{"id":987509973,"href":"https:\/\/cobengroup.com\/academy\/wp-json\/wp\/v2\/pages\/987509968\/revisions\/987509973"}],"wp:attachment":[{"href":"https:\/\/cobengroup.com\/academy\/wp-json\/wp\/v2\/media?parent=987509968"}],"curies":[{"name":"wp","href":"https:\/\/api.w.org\/{rel}","templated":true}]}}